{"id":1265,"date":"2020-01-28T23:32:42","date_gmt":"2020-01-28T22:32:42","guid":{"rendered":"https:\/\/texasranger.de\/wordpress\/?page_id=1265"},"modified":"2023-06-21T08:57:36","modified_gmt":"2023-06-21T06:57:36","slug":"impressum","status":"publish","type":"page","link":"https:\/\/texasranger.de\/wordpress\/impressum\/","title":{"rendered":"Impressum"},"content":{"rendered":"<h1>Impressum<\/h1>\n<p><b>Diensteanbieter<\/b><\/p>\n<p>Matthias Mahnke<\/p>\n<p>23570 L\u00fcbeck<\/p>\n<p>Deutschland<\/p>\n<p><b>Kontaktm\u00f6glichkeiten<\/b><\/p>\n<p>E-Mail-Adresse:<\/p>\n<p><a href=\"mailto:matthias@texasranger.de\">matthias@texasranger.de<\/a><\/p>\n<p>Telefon:<\/p>\n<p>+49 172 431 38 06<\/p>\n<p>Kontaktformular:<\/p>\n<p><a href=\"https:\/\/texasranger.de\/wordpress\/contact\/\">https:\/\/texasranger.de\/wordpress\/contact\/<\/a><\/p>\n<p><b>Social Media und andere Onlinepr\u00e4senzen<\/b><\/p>\n<p>Dieses Impressum gilt auch f\u00fcr die folgenden Social-Media-Pr\u00e4senzen und Onlineprofile:<\/p>\n<p><a href=\"https:\/\/www.facebook.com\/matthias.mahnke.39\">https:\/\/www.facebook.com\/matthias.mahnke.39<\/a><\/p>\n<p><a href=\"https:\/\/www.instagram.com\/matthiasmahnke13\/\">https:\/\/www.instagram.com\/matthiasmahnke13\/<\/a><\/p>\n<p><a href=\"https:\/\/500px.com\/p\/texasranger?view=photos\">https:\/\/500px.com\/p\/texasranger?view=photos<\/a><\/p>\n<p><a href=\"https:\/\/www.paypal.com\/paypalme\/MatthiasMahnke13\">https:\/\/www.paypal.com\/paypalme\/MatthiasMahnke13<\/a><\/p>\n<p><b>Haftungs- und Schutzrechtshinweise<\/b><\/p>\n<p>Links auf fremde Webseiten: Die Inhalte fremder Webseiten, auf die wir direkt oder indirekt verweisen, liegen au\u00dferhalb unseres Verantwortungsbereiches und wir machen sie uns nicht zu Eigen. F\u00fcr alle Inhalte und Nachteile, die aus der Nutzung der in den verlinkten Webseiten aufrufbaren Informationen entstehen, \u00fcbernehmen wir keine Verantwortung.<\/p>\n<p><a href=\"https:\/\/datenschutz-generator.de\/\">Erstellt mit kostenlosem Datenschutz-Generator.de von Dr. Thomas Schwenke<\/a><\/p>\n<h1><\/h1>\n<h1>imprint<\/h1>\n<p><b>service provider<\/b><\/p>\n<p>Matthias Mahnke<\/p>\n<p>23570 Luebeck<\/p>\n<p>Germany<\/p>\n<p><b>contact options<\/b><\/p>\n<p>E-mail address:<\/p>\n<p><a href=\"mailto:matthias@texasranger.de?_x_tr_sl=de&amp;_x_tr_tl=en&amp;_x_tr_hl=de&amp;_x_tr_pto=wapp\">matthias@texasranger.de<\/a><\/p>\n<p>Phone:<\/p>\n<p>+49 172 431 38 06<\/p>\n<p>Contact form:<\/p>\n<p><a href=\"https:\/\/texasranger-de.translate.goog\/wordpress\/contact\/?_x_tr_sl=de&amp;_x_tr_tl=en&amp;_x_tr_hl=de&amp;_x_tr_pto=wapp\">https:\/\/texasranger.de\/wordpress\/contact\/<\/a><\/p>\n<p><b>Social media and other online presences<\/b><\/p>\n<p>This imprint also applies to the following social media sites and online profiles:<\/p>\n<p><a href=\"https:\/\/translate.google.com\/website?sl=de&amp;tl=en&amp;hl=de&amp;client=webapp&amp;u=https:\/\/www.facebook.com\/matthias.mahnke.39\">https:\/\/www.facebook.com\/matthias.mahnke.39<\/a><\/p>\n<p><a href=\"https:\/\/translate.google.com\/website?sl=de&amp;tl=en&amp;hl=de&amp;client=webapp&amp;u=https:\/\/www.instagram.com\/matthiasmahnke13\/\">https:\/\/www.instagram.com\/matthiasmahnke13\/<\/a><\/p>\n<p><a href=\"https:\/\/translate.google.com\/website?sl=de&amp;tl=en&amp;hl=de&amp;client=webapp&amp;u=https:\/\/500px.com\/p\/texasranger?view%3Dphotos\">https:\/\/500px.com\/p\/texasranger?view=photos<\/a><\/p>\n<p><a href=\"https:\/\/translate.google.com\/website?sl=de&amp;tl=en&amp;hl=de&amp;client=webapp&amp;u=https:\/\/www.paypal.com\/paypalme\/MatthiasMahnke13\">https:\/\/www.paypal.com\/paypalme\/MatthiasMahnke13<\/a><\/p>\n<p><b>Liability and property rights notices<\/b><\/p>\n<p>Links to external websites: The content of external websites to which we refer directly or indirectly is outside our area of \u200b\u200bresponsibility and we do not adopt it as our own. We assume no responsibility for any content and disadvantages arising from the use of the information that can be called up on the linked websites.<\/p>\n<p><a href=\"https:\/\/translate.google.com\/website?sl=de&amp;tl=en&amp;hl=de&amp;client=webapp&amp;u=https:\/\/datenschutz-generator.de\/\">Created with the free data protection generator.de by Dr. Thomas Schwenke<\/a><\/p>\n","protected":false},"excerpt":{"rendered":"<p>Impressum Diensteanbieter Matthias Mahnke 23570 L\u00fcbeck Deutschland Kontaktm\u00f6glichkeiten E-Mail-Adresse: matthias@texasranger.de Telefon: +49 172 431 38&#8230;<\/p>\n<div class=\"more-link-wrapper\"><a class=\"more-link\" href=\"https:\/\/texasranger.de\/wordpress\/impressum\/\">Read the post<span class=\"screen-reader-text\">Impressum<\/span><\/a><\/div>\n","protected":false},"author":1,"featured_media":0,"parent":0,"menu_order":0,"comment_status":"closed","ping_status":"closed","template":"","meta":{"footnotes":""},"class_list":["post-1265","page","type-page","status-publish","hentry","excerpt","zoom","full-without-featured","even","excerpt-0"],"_links":{"self":[{"href":"https:\/\/texasranger.de\/wordpress\/wp-json\/wp\/v2\/pages\/1265","targetHints":{"allow":["GET"]}}],"collection":[{"href":"https:\/\/texasranger.de\/wordpress\/wp-json\/wp\/v2\/pages"}],"about":[{"href":"https:\/\/texasranger.de\/wordpress\/wp-json\/wp\/v2\/types\/page"}],"author":[{"embeddable":true,"href":"https:\/\/texasranger.de\/wordpress\/wp-json\/wp\/v2\/users\/1"}],"replies":[{"embeddable":true,"href":"https:\/\/texasranger.de\/wordpress\/wp-json\/wp\/v2\/comments?post=1265"}],"version-history":[{"count":0,"href":"https:\/\/texasranger.de\/wordpress\/wp-json\/wp\/v2\/pages\/1265\/revisions"}],"wp:attachment":[{"href":"https:\/\/texasranger.de\/wordpress\/wp-json\/wp\/v2\/media?parent=1265"}],"curies":[{"name":"wp","href":"https:\/\/api.w.org\/{rel}","templated":true}]}}